{"id":994,"date":"2025-12-25T18:21:47","date_gmt":"2025-12-25T17:21:47","guid":{"rendered":"https:\/\/v2.simonabranca.com\/?page_id=994"},"modified":"2026-01-11T17:52:59","modified_gmt":"2026-01-11T16:52:59","slug":"dienstleistungen","status":"publish","type":"page","link":"https:\/\/simonabranca.com\/de\/services\/","title":{"rendered":"Services"},"content":{"rendered":"<div data-elementor-type=\"wp-page\" data-elementor-id=\"994\" class=\"elementor elementor-994\">\n\t\t\t\t<div class=\"elementor-element elementor-element-a17ed85 e-flex e-con-boxed e-con e-parent\" data-id=\"a17ed85\" data-element_type=\"container\" data-e-type=\"container\">\n\t\t\t\t\t<div class=\"e-con-inner\">\n\t\t<div class=\"elementor-element elementor-element-d56d0f0 e-con-full e-flex e-con e-child\" data-id=\"d56d0f0\" data-element_type=\"container\" data-e-type=\"container\">\n\t\t\t\t<div class=\"elementor-element elementor-element-5ff3e05 elementor-widget elementor-widget-text-editor\" data-id=\"5ff3e05\" data-element_type=\"widget\" data-e-type=\"widget\" data-widget_type=\"text-editor.default\">\n\t\t\t\t\t\t\t\t\t<p data-start=\"330\" data-end=\"610\">Bei Simona Branca bieten wir einen umfassenden Service, der weit \u00fcber den Kauf und Verkauf von Immobilien hinausgeht. Wir begleiten unsere Kunden vor, w\u00e4hrend und nach der Immobilientransaktion und k\u00fcmmern uns um jedes Detail, um Seelenfrieden, Rentabilit\u00e4t und hervorragende Ergebnisse zu garantieren.<\/p><p data-start=\"612\" data-end=\"817\">Unsere Dienstleistungen sind speziell auf Hausbesitzer und Investoren zugeschnitten, die auf der Suche nach\u00a0<strong data-start=\"703\" data-end=\"738\">Luxusimmobilien auf Teneriffa<\/strong>, mit einem professionellen, personalisierten und langfristig wertorientierten Ansatz.<\/p>\t\t\t\t\t\t\t\t<\/div>\n\t\t\t\t<\/div>\n\t\t<div class=\"elementor-element elementor-element-1401ff3 e-con-full e-flex e-con e-child\" data-id=\"1401ff3\" data-element_type=\"container\" data-e-type=\"container\">\n\t\t\t\t<\/div>\n\t\t\t\t\t<\/div>\n\t\t\t\t<\/div>\n\t\t<div class=\"elementor-element elementor-element-9f9cf74 e-flex e-con-boxed e-con e-parent\" data-id=\"9f9cf74\" data-element_type=\"container\" data-e-type=\"container\">\n\t\t\t\t\t<div class=\"e-con-inner\">\n\t\t\t\t<div class=\"elementor-element elementor-element-d2258ec elementor-widget elementor-widget-heading\" data-id=\"d2258ec\" data-element_type=\"widget\" data-e-type=\"widget\" data-widget_type=\"heading.default\">\n\t\t\t\t\t<h2 class=\"elementor-heading-title elementor-size-default\">After-Sales-Immobilien auf Teneriffa<\/h2>\t\t\t\t<\/div>\n\t\t\t\t\t<\/div>\n\t\t\t\t<\/div>\n\t\t<div class=\"elementor-element elementor-element-769a246 e-flex e-con-boxed e-con e-parent\" data-id=\"769a246\" data-element_type=\"container\" data-e-type=\"container\">\n\t\t\t\t\t<div class=\"e-con-inner\">\n\t\t<div class=\"elementor-element elementor-element-3a935bb e-con-full e-flex e-con e-child\" data-id=\"3a935bb\" data-element_type=\"container\" data-e-type=\"container\">\n\t\t\t\t<div class=\"elementor-element elementor-element-f869836 elementor-widget elementor-widget-image\" data-id=\"f869836\" data-element_type=\"widget\" data-e-type=\"widget\" data-widget_type=\"image.default\">\n\t\t\t\t\t\t\t\t\t\t\t\t\t\t\t<img fetchpriority=\"high\" decoding=\"async\" width=\"1024\" height=\"683\" src=\"https:\/\/simonabranca.com\/wp-content\/uploads\/2025\/12\/post-sale.webp\" class=\"attachment-large size-large wp-image-996\" alt=\"\" srcset=\"\" \/>\t\t\t\t\t\t\t\t\t\t\t\t\t\t\t<\/div>\n\t\t\t\t<div class=\"elementor-element elementor-element-6d81d6a elementor-widget elementor-widget-image\" data-id=\"6d81d6a\" data-element_type=\"widget\" data-e-type=\"widget\" data-widget_type=\"image.default\">\n\t\t\t\t\t\t\t\t\t\t\t\t\t\t\t<img decoding=\"async\" width=\"1024\" height=\"683\" src=\"https:\/\/simonabranca.com\/wp-content\/uploads\/2025\/12\/legal-1.webp\" class=\"attachment-large size-large wp-image-998\" alt=\"\" srcset=\"\" \/>\t\t\t\t\t\t\t\t\t\t\t\t\t\t\t<\/div>\n\t\t\t\t<div class=\"elementor-element elementor-element-d1357b3 elementor-align-center elementor-widget elementor-widget-button\" data-id=\"d1357b3\" data-element_type=\"widget\" data-e-type=\"widget\" data-widget_type=\"button.default\">\n\t\t\t\t\t\t\t\t\t\t<a class=\"elementor-button elementor-button-link elementor-size-sm\" href=\"mailto:info@simonabranca.com\">\n\t\t\t\t\t\t<span class=\"elementor-button-content-wrapper\">\n\t\t\t\t\t\t<span class=\"elementor-button-icon\">\n\t\t\t\t<svg aria-hidden=\"true\" class=\"e-font-icon-svg e-far-envelope\" viewbox=\"0 0 512 512\" xmlns=\"http:\/\/www.w3.org\/2000\/svg\"><path d=\"M464 64H48C21.49 64 0 85.49 0 112v288c0 26.51 21.49 48 48 48h416c26.51 0 48-21.49 48-48V112c0-26.51-21.49-48-48-48zm0 48v40.805c-22.422 18.259-58.168 46.651-134.587 106.49-16.841 13.247-50.201 45.072-73.413 44.701-23.208.375-56.579-31.459-73.413-44.701C106.18 199.465 70.425 171.067 48 152.805V112h416zM48 400V214.398c22.914 18.251 55.409 43.862 104.938 82.646 21.857 17.205 60.134 55.186 103.062 54.955 42.717.231 80.509-37.199 103.053-54.947 49.528-38.783 82.032-64.401 104.947-82.653V400H48z\"><\/path><\/svg>\t\t\t<\/span>\n\t\t\t\t\t\t\t\t\t<span class=\"elementor-button-text\">Buchen Sie einen Termin<\/span>\n\t\t\t\t\t<\/span>\n\t\t\t\t\t<\/a>\n\t\t\t\t\t\t\t\t<\/div>\n\t\t\t\t<\/div>\n\t\t<div class=\"elementor-element elementor-element-8b87789 e-con-full e-flex e-con e-child\" data-id=\"8b87789\" data-element_type=\"container\" data-e-type=\"container\">\n\t\t\t\t<div class=\"elementor-element elementor-element-c4d9fd6 elementor-widget elementor-widget-text-editor\" data-id=\"c4d9fd6\" data-element_type=\"widget\" data-e-type=\"widget\" data-widget_type=\"text-editor.default\">\n\t\t\t\t\t\t\t\t\t<p data-start=\"863\" data-end=\"1061\">Der Kauf oder Verkauf einer Immobilie endet nicht mit der Unterschrift. Unser\u00a0<strong data-start=\"931\" data-end=\"956\">Service nach dem Verkauf<\/strong>\u00a0ist so konzipiert, dass unsere Kunden ihre Immobilie vom ersten Tag an sorgenfrei genie\u00dfen k\u00f6nnen.<\/p><p data-start=\"1063\" data-end=\"1222\">Wir begleiten nationale und internationale K\u00e4ufer bei allen Verfahren nach der Transaktion und sorgen f\u00fcr einen reibungslosen \u00dcbergang.<\/p>\t\t\t\t\t\t\t\t<\/div>\n\t\t\t\t<div class=\"elementor-element elementor-element-2fce5f2 elementor-widget elementor-widget-text-editor\" data-id=\"2fce5f2\" data-element_type=\"widget\" data-e-type=\"widget\" data-widget_type=\"text-editor.default\">\n\t\t\t\t\t\t\t\t\t<h5 data-start=\"1224\" data-end=\"1270\">Was unser Kundendienst umfasst:<\/h5><ul data-start=\"1271\" data-end=\"1589\"><li data-start=\"1271\" data-end=\"1347\"><p data-start=\"1273\" data-end=\"1347\">Beratung bei Eigent\u00fcmerwechseln (Wasser, Strom, Gemeinde, Steuern).<\/p><\/li><li data-start=\"1348\" data-end=\"1407\"><p data-start=\"1350\" data-end=\"1407\">Unterst\u00fctzung bei Verwaltungsverfahren und juristischer Dokumentation.<\/p><\/li><li data-start=\"1408\" data-end=\"1466\"><p data-start=\"1410\" data-end=\"1466\">Koordinierung mit Rechtsanw\u00e4lten, Notaren und Steuerberatern.<\/p><\/li><li data-start=\"1467\" data-end=\"1516\"><p data-start=\"1469\" data-end=\"1516\">Begleitperson f\u00fcr nicht gebietsans\u00e4ssige Eigent\u00fcmer.<\/p><\/li><li data-start=\"1517\" data-end=\"1589\"><p data-start=\"1519\" data-end=\"1589\">Pers\u00f6nliche Betreuung f\u00fcr alle Bed\u00fcrfnisse nach dem Kauf.<\/p><\/li><\/ul><p data-start=\"1591\" data-end=\"1775\">Unser Ziel ist es, dass sich unsere Kunden jederzeit unterst\u00fctzt f\u00fchlen, insbesondere diejenigen, die bei uns kaufen.\u00a0<strong data-start=\"1705\" data-end=\"1738\">Luxusimmobilien auf Teneriffa<\/strong>\u00a0als Zweitwohnsitz oder Investition.<\/p>\t\t\t\t\t\t\t\t<\/div>\n\t\t\t\t<\/div>\n\t\t\t\t\t<\/div>\n\t\t\t\t<\/div>\n\t\t<div class=\"elementor-element elementor-element-4f374c2 e-flex e-con-boxed e-con e-parent\" data-id=\"4f374c2\" data-element_type=\"container\" data-e-type=\"container\">\n\t\t\t\t\t<div class=\"e-con-inner\">\n\t\t\t\t<div class=\"elementor-element elementor-element-d6a2f26 elementor-widget elementor-widget-heading\" data-id=\"d6a2f26\" data-element_type=\"widget\" data-e-type=\"widget\" data-widget_type=\"heading.default\">\n\t\t\t\t\t<h2 class=\"elementor-heading-title elementor-size-default\">Immobiliensanierung und -anpassung<\/h2>\t\t\t\t<\/div>\n\t\t\t\t\t<\/div>\n\t\t\t\t<\/div>\n\t\t<div class=\"elementor-element elementor-element-cdb63b7 e-flex e-con-boxed e-con e-parent\" data-id=\"cdb63b7\" data-element_type=\"container\" data-e-type=\"container\">\n\t\t\t\t\t<div class=\"e-con-inner\">\n\t\t<div class=\"elementor-element elementor-element-16c526f e-con-full e-flex e-con e-child\" data-id=\"16c526f\" data-element_type=\"container\" data-e-type=\"container\">\n\t\t\t\t<div class=\"elementor-element elementor-element-b1a282d elementor-widget elementor-widget-image\" data-id=\"b1a282d\" data-element_type=\"widget\" data-e-type=\"widget\" data-widget_type=\"image.default\">\n\t\t\t\t\t\t\t\t\t\t\t\t\t\t\t<img decoding=\"async\" width=\"1024\" height=\"683\" src=\"https:\/\/simonabranca.com\/wp-content\/uploads\/2026\/01\/reforma1.webp\" class=\"attachment-large size-large wp-image-1271\" alt=\"\" srcset=\"https:\/\/simonabranca.com\/wp-content\/uploads\/2026\/01\/reforma1.webp 1536w, https:\/\/simonabranca.com\/wp-content\/uploads\/2026\/01\/reforma1-18x12.webp 18w\" sizes=\"(max-width: 1024px) 100vw, 1024px\" \/>\t\t\t\t\t\t\t\t\t\t\t\t\t\t\t<\/div>\n\t\t\t\t<div class=\"elementor-element elementor-element-1c09990 elementor-widget elementor-widget-image\" data-id=\"1c09990\" data-element_type=\"widget\" data-e-type=\"widget\" data-widget_type=\"image.default\">\n\t\t\t\t\t\t\t\t\t\t\t\t\t\t\t<img loading=\"lazy\" decoding=\"async\" width=\"1024\" height=\"683\" src=\"https:\/\/simonabranca.com\/wp-content\/uploads\/2026\/01\/reforma2.webp\" class=\"attachment-large size-large wp-image-1272\" alt=\"\" srcset=\"https:\/\/simonabranca.com\/wp-content\/uploads\/2026\/01\/reforma2.webp 1536w, https:\/\/simonabranca.com\/wp-content\/uploads\/2026\/01\/reforma2-18x12.webp 18w\" sizes=\"(max-width: 1024px) 100vw, 1024px\" \/>\t\t\t\t\t\t\t\t\t\t\t\t\t\t\t<\/div>\n\t\t\t\t<div class=\"elementor-element elementor-element-074ed11 elementor-align-center elementor-widget elementor-widget-button\" data-id=\"074ed11\" data-element_type=\"widget\" data-e-type=\"widget\" data-widget_type=\"button.default\">\n\t\t\t\t\t\t\t\t\t\t<a class=\"elementor-button elementor-button-link elementor-size-sm\" href=\"mailto:info@simonabranca.com\">\n\t\t\t\t\t\t<span class=\"elementor-button-content-wrapper\">\n\t\t\t\t\t\t<span class=\"elementor-button-icon\">\n\t\t\t\t<svg aria-hidden=\"true\" class=\"e-font-icon-svg e-far-envelope\" viewbox=\"0 0 512 512\" xmlns=\"http:\/\/www.w3.org\/2000\/svg\"><path d=\"M464 64H48C21.49 64 0 85.49 0 112v288c0 26.51 21.49 48 48 48h416c26.51 0 48-21.49 48-48V112c0-26.51-21.49-48-48-48zm0 48v40.805c-22.422 18.259-58.168 46.651-134.587 106.49-16.841 13.247-50.201 45.072-73.413 44.701-23.208.375-56.579-31.459-73.413-44.701C106.18 199.465 70.425 171.067 48 152.805V112h416zM48 400V214.398c22.914 18.251 55.409 43.862 104.938 82.646 21.857 17.205 60.134 55.186 103.062 54.955 42.717.231 80.509-37.199 103.053-54.947 49.528-38.783 82.032-64.401 104.947-82.653V400H48z\"><\/path><\/svg>\t\t\t<\/span>\n\t\t\t\t\t\t\t\t\t<span class=\"elementor-button-text\">Buchen Sie einen Termin<\/span>\n\t\t\t\t\t<\/span>\n\t\t\t\t\t<\/a>\n\t\t\t\t\t\t\t\t<\/div>\n\t\t\t\t<\/div>\n\t\t<div class=\"elementor-element elementor-element-37fa5d2 e-con-full e-flex e-con e-child\" data-id=\"37fa5d2\" data-element_type=\"container\" data-e-type=\"container\">\n\t\t\t\t<div class=\"elementor-element elementor-element-a34d3a4 elementor-widget elementor-widget-text-editor\" data-id=\"a34d3a4\" data-element_type=\"widget\" data-e-type=\"widget\" data-widget_type=\"text-editor.default\">\n\t\t\t\t\t\t\t\t\t<p data-start=\"1823\" data-end=\"2091\">Eine gut durchdachte Renovierung kann den Wert einer Immobilie erheblich steigern. Bei Simona Branca bieten wir einen Service von\u00a0<strong data-start=\"1955\" data-end=\"1990\">Integrale und partielle Reformen<\/strong>, auf hochwertige Immobilien angepasst und sowohl auf die private Nutzung als auch auf Immobilieninvestitionen ausgerichtet.<\/p><p data-start=\"2093\" data-end=\"2247\">Wir arbeiten mit qualifizierten Fachleuten und vertrauensw\u00fcrdigen Lieferanten zusammen, um die Qualit\u00e4t der Ausf\u00fchrung, die p\u00fcnktliche Lieferung und die Budgetkontrolle zu gew\u00e4hrleisten.<\/p>\t\t\t\t\t\t\t\t<\/div>\n\t\t\t\t<div class=\"elementor-element elementor-element-395866a elementor-widget elementor-widget-text-editor\" data-id=\"395866a\" data-element_type=\"widget\" data-e-type=\"widget\" data-widget_type=\"text-editor.default\">\n\t\t\t\t\t\t\t\t\t<h5 data-start=\"2249\" data-end=\"2290\">Unser Sanierungsservice umfasst:<\/h5><ul data-start=\"2291\" data-end=\"2538\"><li data-start=\"2291\" data-end=\"2338\"><p data-start=\"2293\" data-end=\"2338\">Integrale Reformen von Villen und Wohnungen.<\/p><\/li><li data-start=\"2339\" data-end=\"2395\"><p data-start=\"2341\" data-end=\"2395\">Modernisierung von K\u00fcchen, B\u00e4dern und Au\u00dfenbereichen.<\/p><\/li><li data-start=\"2396\" data-end=\"2430\"><p data-start=\"2398\" data-end=\"2430\">Verbesserte Energieeffizienz.<\/p><\/li><li data-start=\"2431\" data-end=\"2484\"><p data-start=\"2433\" data-end=\"2484\">Beratung bei der Gestaltung und Verteilung von R\u00e4umen.<\/p><\/li><li data-start=\"2485\" data-end=\"2538\"><p data-start=\"2487\" data-end=\"2538\">Vollst\u00e4ndiges Projektmanagement, einschlie\u00dflich Fernverwaltung.<\/p><\/li><\/ul><p data-start=\"2540\" data-end=\"2745\">Dieser Service ist ideal f\u00fcr Eigent\u00fcmer, die\u00a0<strong data-start=\"2592\" data-end=\"2632\">Aufwertung Ihrer Immobilie auf Teneriffa<\/strong>\u00a0vor dem Verkauf oder der Vermietung sowie f\u00fcr K\u00e4ufer, die ihre neue Wohnung an ihren Lebensstil anpassen wollen.<\/p>\t\t\t\t\t\t\t\t<\/div>\n\t\t\t\t<\/div>\n\t\t\t\t\t<\/div>\n\t\t\t\t<\/div>\n\t\t<div class=\"elementor-element elementor-element-ebd26ff e-flex e-con-boxed e-con e-parent\" data-id=\"ebd26ff\" data-element_type=\"container\" data-e-type=\"container\">\n\t\t\t\t\t<div class=\"e-con-inner\">\n\t\t\t\t<div class=\"elementor-element elementor-element-bd6f81c elementor-widget elementor-widget-heading\" data-id=\"bd6f81c\" data-element_type=\"widget\" data-e-type=\"widget\" data-widget_type=\"heading.default\">\n\t\t\t\t\t<h2 class=\"elementor-heading-title elementor-size-default\">Professionelles Home Staging f\u00fcr Luxusimmobilien<\/h2>\t\t\t\t<\/div>\n\t\t\t\t\t<\/div>\n\t\t\t\t<\/div>\n\t\t<div class=\"elementor-element elementor-element-a398f9f e-flex e-con-boxed e-con e-parent\" data-id=\"a398f9f\" data-element_type=\"container\" data-e-type=\"container\">\n\t\t\t\t\t<div class=\"e-con-inner\">\n\t\t<div class=\"elementor-element elementor-element-925a670 e-con-full e-flex e-con e-child\" data-id=\"925a670\" data-element_type=\"container\" data-e-type=\"container\">\n\t\t\t\t<div class=\"elementor-element elementor-element-8bf5077 elementor-widget elementor-widget-image\" data-id=\"8bf5077\" data-element_type=\"widget\" data-e-type=\"widget\" data-widget_type=\"image.default\">\n\t\t\t\t\t\t\t\t\t\t\t\t\t\t\t<img loading=\"lazy\" decoding=\"async\" width=\"1024\" height=\"683\" src=\"https:\/\/simonabranca.com\/wp-content\/uploads\/2026\/01\/homestaging1.webp\" class=\"attachment-large size-large wp-image-1274\" alt=\"\" srcset=\"https:\/\/simonabranca.com\/wp-content\/uploads\/2026\/01\/homestaging1.webp 1536w, https:\/\/simonabranca.com\/wp-content\/uploads\/2026\/01\/homestaging1-18x12.webp 18w\" sizes=\"(max-width: 1024px) 100vw, 1024px\" \/>\t\t\t\t\t\t\t\t\t\t\t\t\t\t\t<\/div>\n\t\t\t\t<div class=\"elementor-element elementor-element-62b8737 elementor-widget elementor-widget-image\" data-id=\"62b8737\" data-element_type=\"widget\" data-e-type=\"widget\" data-widget_type=\"image.default\">\n\t\t\t\t\t\t\t\t\t\t\t\t\t\t\t<img loading=\"lazy\" decoding=\"async\" width=\"1024\" height=\"683\" src=\"https:\/\/simonabranca.com\/wp-content\/uploads\/2026\/01\/homestaging2.webp\" class=\"attachment-large size-large wp-image-1275\" alt=\"\" srcset=\"https:\/\/simonabranca.com\/wp-content\/uploads\/2026\/01\/homestaging2.webp 1536w, https:\/\/simonabranca.com\/wp-content\/uploads\/2026\/01\/homestaging2-18x12.webp 18w\" sizes=\"(max-width: 1024px) 100vw, 1024px\" \/>\t\t\t\t\t\t\t\t\t\t\t\t\t\t\t<\/div>\n\t\t\t\t<div class=\"elementor-element elementor-element-66af0ea elementor-align-center elementor-widget elementor-widget-button\" data-id=\"66af0ea\" data-element_type=\"widget\" data-e-type=\"widget\" data-widget_type=\"button.default\">\n\t\t\t\t\t\t\t\t\t\t<a class=\"elementor-button elementor-button-link elementor-size-sm\" href=\"mailto:info@simonabranca.com\">\n\t\t\t\t\t\t<span class=\"elementor-button-content-wrapper\">\n\t\t\t\t\t\t<span class=\"elementor-button-icon\">\n\t\t\t\t<svg aria-hidden=\"true\" class=\"e-font-icon-svg e-far-envelope\" viewbox=\"0 0 512 512\" xmlns=\"http:\/\/www.w3.org\/2000\/svg\"><path d=\"M464 64H48C21.49 64 0 85.49 0 112v288c0 26.51 21.49 48 48 48h416c26.51 0 48-21.49 48-48V112c0-26.51-21.49-48-48-48zm0 48v40.805c-22.422 18.259-58.168 46.651-134.587 106.49-16.841 13.247-50.201 45.072-73.413 44.701-23.208.375-56.579-31.459-73.413-44.701C106.18 199.465 70.425 171.067 48 152.805V112h416zM48 400V214.398c22.914 18.251 55.409 43.862 104.938 82.646 21.857 17.205 60.134 55.186 103.062 54.955 42.717.231 80.509-37.199 103.053-54.947 49.528-38.783 82.032-64.401 104.947-82.653V400H48z\"><\/path><\/svg>\t\t\t<\/span>\n\t\t\t\t\t\t\t\t\t<span class=\"elementor-button-text\">Buchen Sie einen Termin<\/span>\n\t\t\t\t\t<\/span>\n\t\t\t\t\t<\/a>\n\t\t\t\t\t\t\t\t<\/div>\n\t\t\t\t<\/div>\n\t\t<div class=\"elementor-element elementor-element-209ee47 e-con-full e-flex e-con e-child\" data-id=\"209ee47\" data-element_type=\"container\" data-e-type=\"container\">\n\t\t\t\t<div class=\"elementor-element elementor-element-17f74d7 elementor-widget elementor-widget-text-editor\" data-id=\"17f74d7\" data-element_type=\"widget\" data-e-type=\"widget\" data-widget_type=\"text-editor.default\">\n\t\t\t\t\t\t\t\t\t<p data-start=\"2806\" data-end=\"3092\">Die\u00a0<strong data-start=\"2809\" data-end=\"2825\">Hausinszenierung<\/strong>\u00a0ist eines der wirksamsten Mittel, um eine Immobilie schneller und zu einem besseren Preis zu verkaufen. Bei Simona Branca wenden wir an den Luxusmarkt auf Teneriffa angepasste Inszenierungstechniken an und k\u00fcmmern uns um jedes Detail, um vom ersten Besuch an Wirkung und Emotionen zu erzeugen.<\/p><p data-start=\"3094\" data-end=\"3165\">Unser Ansatz verbindet \u00c4sthetik, Funktionalit\u00e4t und kommerzielle Strategie.<\/p>\t\t\t\t\t\t\t\t<\/div>\n\t\t\t\t<div class=\"elementor-element elementor-element-73dfed1 elementor-widget elementor-widget-text-editor\" data-id=\"73dfed1\" data-element_type=\"widget\" data-e-type=\"widget\" data-widget_type=\"text-editor.default\">\n\t\t\t\t\t\t\t\t\t<h5 data-start=\"2249\" data-end=\"2290\">Unser Sanierungsservice umfasst:<\/h5><ul data-start=\"2291\" data-end=\"2538\"><li data-start=\"2291\" data-end=\"2338\"><p data-start=\"2293\" data-end=\"2338\">Integrale Reformen von Villen und Wohnungen.<\/p><\/li><li data-start=\"2339\" data-end=\"2395\"><p data-start=\"2341\" data-end=\"2395\">Modernisierung von K\u00fcchen, B\u00e4dern und Au\u00dfenbereichen.<\/p><\/li><li data-start=\"2396\" data-end=\"2430\"><p data-start=\"2398\" data-end=\"2430\">Verbesserte Energieeffizienz.<\/p><\/li><li data-start=\"2431\" data-end=\"2484\"><p data-start=\"2433\" data-end=\"2484\">Beratung bei der Gestaltung und Verteilung von R\u00e4umen.<\/p><\/li><li data-start=\"2485\" data-end=\"2538\"><p data-start=\"2487\" data-end=\"2538\">Vollst\u00e4ndiges Projektmanagement, einschlie\u00dflich Fernverwaltung.<\/p><\/li><\/ul><p data-start=\"2540\" data-end=\"2745\">Dieser Service ist ideal f\u00fcr Eigent\u00fcmer, die\u00a0<strong data-start=\"2592\" data-end=\"2632\">Aufwertung Ihrer Immobilie auf Teneriffa<\/strong>\u00a0vor dem Verkauf oder der Vermietung sowie f\u00fcr K\u00e4ufer, die ihre neue Wohnung an ihren Lebensstil anpassen wollen.<\/p>\t\t\t\t\t\t\t\t<\/div>\n\t\t\t\t<\/div>\n\t\t\t\t\t<\/div>\n\t\t\t\t<\/div>\n\t\t<div class=\"elementor-element elementor-element-edde732 e-flex e-con-boxed e-con e-parent\" data-id=\"edde732\" data-element_type=\"container\" data-e-type=\"container\">\n\t\t\t\t\t<div class=\"e-con-inner\">\n\t\t\t\t<div class=\"elementor-element elementor-element-b62d686 elementor-widget elementor-widget-heading\" data-id=\"b62d686\" data-element_type=\"widget\" data-e-type=\"widget\" data-widget_type=\"heading.default\">\n\t\t\t\t\t<h2 class=\"elementor-heading-title elementor-size-default\">Ein integrierter Dienst, ein Partner<\/h2>\t\t\t\t<\/div>\n\t\t\t\t\t<\/div>\n\t\t\t\t<\/div>\n\t\t<div class=\"elementor-element elementor-element-9ebb70b e-flex e-con-boxed e-con e-parent\" data-id=\"9ebb70b\" data-element_type=\"container\" data-e-type=\"container\">\n\t\t\t\t\t<div class=\"e-con-inner\">\n\t\t<div class=\"elementor-element elementor-element-17373df e-con-full e-flex e-con e-child\" data-id=\"17373df\" data-element_type=\"container\" data-e-type=\"container\">\n\t\t\t\t<div class=\"elementor-element elementor-element-5c964fa elementor-widget elementor-widget-image\" data-id=\"5c964fa\" data-element_type=\"widget\" data-e-type=\"widget\" data-widget_type=\"image.default\">\n\t\t\t\t\t\t\t\t\t\t\t\t\t\t\t<img loading=\"lazy\" decoding=\"async\" width=\"1024\" height=\"683\" src=\"https:\/\/simonabranca.com\/wp-content\/uploads\/2025\/12\/do-more.webp\" class=\"attachment-large size-large wp-image-999\" alt=\"\" srcset=\"\" \/>\t\t\t\t\t\t\t\t\t\t\t\t\t\t\t<\/div>\n\t\t\t\t<div class=\"elementor-element elementor-element-9d9aa2b elementor-align-center elementor-widget elementor-widget-button\" data-id=\"9d9aa2b\" data-element_type=\"widget\" data-e-type=\"widget\" data-widget_type=\"button.default\">\n\t\t\t\t\t\t\t\t\t\t<a class=\"elementor-button elementor-button-link elementor-size-sm\" href=\"mailto:info@simonabranca.com\">\n\t\t\t\t\t\t<span class=\"elementor-button-content-wrapper\">\n\t\t\t\t\t\t<span class=\"elementor-button-icon\">\n\t\t\t\t<svg aria-hidden=\"true\" class=\"e-font-icon-svg e-far-envelope\" viewbox=\"0 0 512 512\" xmlns=\"http:\/\/www.w3.org\/2000\/svg\"><path d=\"M464 64H48C21.49 64 0 85.49 0 112v288c0 26.51 21.49 48 48 48h416c26.51 0 48-21.49 48-48V112c0-26.51-21.49-48-48-48zm0 48v40.805c-22.422 18.259-58.168 46.651-134.587 106.49-16.841 13.247-50.201 45.072-73.413 44.701-23.208.375-56.579-31.459-73.413-44.701C106.18 199.465 70.425 171.067 48 152.805V112h416zM48 400V214.398c22.914 18.251 55.409 43.862 104.938 82.646 21.857 17.205 60.134 55.186 103.062 54.955 42.717.231 80.509-37.199 103.053-54.947 49.528-38.783 82.032-64.401 104.947-82.653V400H48z\"><\/path><\/svg>\t\t\t<\/span>\n\t\t\t\t\t\t\t\t\t<span class=\"elementor-button-text\">Buchen Sie einen Termin<\/span>\n\t\t\t\t\t<\/span>\n\t\t\t\t\t<\/a>\n\t\t\t\t\t\t\t\t<\/div>\n\t\t\t\t<\/div>\n\t\t<div class=\"elementor-element elementor-element-881ca38 e-con-full e-flex e-con e-child\" data-id=\"881ca38\" data-element_type=\"container\" data-e-type=\"container\">\n\t\t\t\t<div class=\"elementor-element elementor-element-915db28 elementor-widget elementor-widget-text-editor\" data-id=\"915db28\" data-element_type=\"widget\" data-e-type=\"widget\" data-widget_type=\"text-editor.default\">\n\t\t\t\t\t\t\t\t\t<p data-start=\"3644\" data-end=\"3954\">Unser Differenzierungsmerkmal ist das Angebot eines\u00a0<strong data-start=\"3684\" data-end=\"3730\">Vollst\u00e4ndiger Immobilienservice auf Teneriffa<\/strong>, Wir b\u00fcndeln alle Kundenbed\u00fcrfnisse in einem einzigen vertrauensw\u00fcrdigen Team. Vom Kauf und Verkauf bis hin zum After-Sales, der Renovierung und Vorbereitung der Immobilie k\u00fcmmern wir uns mit Professionalit\u00e4t und Diskretion um jede Phase des Prozesses.<\/p><p data-start=\"3956\" data-end=\"4130\">Wenn Sie auf der Suche nach einem\u00a0<strong data-start=\"3969\" data-end=\"4041\">Immobilienmakler, spezialisiert auf Luxusimmobilien auf Teneriffa<\/strong>, Mit einer globalen Vision und einem ganz pers\u00f6nlichen Service sind Sie bei uns in den besten H\u00e4nden.<\/p>\t\t\t\t\t\t\t\t<\/div>\n\t\t\t\t<\/div>\n\t\t\t\t\t<\/div>\n\t\t\t\t<\/div>\n\t\t\t\t<\/div>","protected":false},"excerpt":{"rendered":"<p>En Simona Branca ofrecemos un servicio integral que va mucho m\u00e1s all\u00e1 de la compraventa de propiedades. Acompa\u00f1amos a nuestros clientes antes, durante y despu\u00e9s de la operaci\u00f3n inmobiliaria, cuidando cada detalle para garantizar tranquilidad, rentabilidad y resultados excelentes. Nuestros servicios est\u00e1n especialmente dise\u00f1ados para propietarios e inversores que buscan\u00a0propiedades de lujo en Tenerife, con [&hellip;]<\/p>\n","protected":false},"author":1,"featured_media":0,"parent":0,"menu_order":0,"comment_status":"closed","ping_status":"closed","template":"elementor_header_footer","meta":{"footnotes":""},"class_list":["post-994","page","type-page","status-publish","hentry"],"_links":{"self":[{"href":"https:\/\/simonabranca.com\/de\/wp-json\/wp\/v2\/pages\/994","targetHints":{"allow":["GET"]}}],"collection":[{"href":"https:\/\/simonabranca.com\/de\/wp-json\/wp\/v2\/pages"}],"about":[{"href":"https:\/\/simonabranca.com\/de\/wp-json\/wp\/v2\/types\/page"}],"author":[{"embeddable":true,"href":"https:\/\/simonabranca.com\/de\/wp-json\/wp\/v2\/users\/1"}],"replies":[{"embeddable":true,"href":"https:\/\/simonabranca.com\/de\/wp-json\/wp\/v2\/comments?post=994"}],"version-history":[{"count":10,"href":"https:\/\/simonabranca.com\/de\/wp-json\/wp\/v2\/pages\/994\/revisions"}],"predecessor-version":[{"id":1278,"href":"https:\/\/simonabranca.com\/de\/wp-json\/wp\/v2\/pages\/994\/revisions\/1278"}],"wp:attachment":[{"href":"https:\/\/simonabranca.com\/de\/wp-json\/wp\/v2\/media?parent=994"}],"curies":[{"name":"wp","href":"https:\/\/api.w.org\/{rel}","templated":true}]}}