{"id":994,"date":"2025-12-25T18:21:47","date_gmt":"2025-12-25T17:21:47","guid":{"rendered":"https:\/\/v2.simonabranca.com\/?page_id=994"},"modified":"2026-01-11T17:52:59","modified_gmt":"2026-01-11T16:52:59","slug":"services","status":"publish","type":"page","link":"https:\/\/simonabranca.com\/fr\/services\/","title":{"rendered":"Services"},"content":{"rendered":"<div data-elementor-type=\"wp-page\" data-elementor-id=\"994\" class=\"elementor elementor-994\">\n\t\t\t\t<div class=\"elementor-element elementor-element-a17ed85 e-flex e-con-boxed e-con e-parent\" data-id=\"a17ed85\" data-element_type=\"container\" data-e-type=\"container\">\n\t\t\t\t\t<div class=\"e-con-inner\">\n\t\t<div class=\"elementor-element elementor-element-d56d0f0 e-con-full e-flex e-con e-child\" data-id=\"d56d0f0\" data-element_type=\"container\" data-e-type=\"container\">\n\t\t\t\t<div class=\"elementor-element elementor-element-5ff3e05 elementor-widget elementor-widget-text-editor\" data-id=\"5ff3e05\" data-element_type=\"widget\" data-e-type=\"widget\" data-widget_type=\"text-editor.default\">\n\t\t\t\t\t\t\t\t\t<p data-start=\"330\" data-end=\"610\">Chez Simona Branca, nous offrons un service complet qui va bien au-del\u00e0 de l'achat et de la vente de biens immobiliers. Nous accompagnons nos clients avant, pendant et apr\u00e8s la transaction immobili\u00e8re, en prenant soin de chaque d\u00e9tail pour garantir la tranquillit\u00e9 d'esprit, la rentabilit\u00e9 et d'excellents r\u00e9sultats.<\/p><p data-start=\"612\" data-end=\"817\">Nos services sont sp\u00e9cialement con\u00e7us pour les propri\u00e9taires et les investisseurs qui recherchent\u00a0<strong data-start=\"703\" data-end=\"738\">Propri\u00e9t\u00e9s de luxe \u00e0 Tenerife<\/strong>, avec une approche professionnelle, personnalis\u00e9e et orient\u00e9e vers la valeur \u00e0 long terme.<\/p>\t\t\t\t\t\t\t\t<\/div>\n\t\t\t\t<\/div>\n\t\t<div class=\"elementor-element elementor-element-1401ff3 e-con-full e-flex e-con e-child\" data-id=\"1401ff3\" data-element_type=\"container\" data-e-type=\"container\">\n\t\t\t\t<\/div>\n\t\t\t\t\t<\/div>\n\t\t\t\t<\/div>\n\t\t<div class=\"elementor-element elementor-element-9f9cf74 e-flex e-con-boxed e-con e-parent\" data-id=\"9f9cf74\" data-element_type=\"container\" data-e-type=\"container\">\n\t\t\t\t\t<div class=\"e-con-inner\">\n\t\t\t\t<div class=\"elementor-element elementor-element-d2258ec elementor-widget elementor-widget-heading\" data-id=\"d2258ec\" data-element_type=\"widget\" data-e-type=\"widget\" data-widget_type=\"heading.default\">\n\t\t\t\t\t<h2 class=\"elementor-heading-title elementor-size-default\">Apr\u00e8s-vente Immobilier \u00e0 Tenerife<\/h2>\t\t\t\t<\/div>\n\t\t\t\t\t<\/div>\n\t\t\t\t<\/div>\n\t\t<div class=\"elementor-element elementor-element-769a246 e-flex e-con-boxed e-con e-parent\" data-id=\"769a246\" data-element_type=\"container\" data-e-type=\"container\">\n\t\t\t\t\t<div class=\"e-con-inner\">\n\t\t<div class=\"elementor-element elementor-element-3a935bb e-con-full e-flex e-con e-child\" data-id=\"3a935bb\" data-element_type=\"container\" data-e-type=\"container\">\n\t\t\t\t<div class=\"elementor-element elementor-element-f869836 elementor-widget elementor-widget-image\" data-id=\"f869836\" data-element_type=\"widget\" data-e-type=\"widget\" data-widget_type=\"image.default\">\n\t\t\t\t\t\t\t\t\t\t\t\t\t\t\t<img fetchpriority=\"high\" decoding=\"async\" width=\"1024\" height=\"683\" src=\"https:\/\/simonabranca.com\/wp-content\/uploads\/2025\/12\/post-sale.webp\" class=\"attachment-large size-large wp-image-996\" alt=\"\" srcset=\"\" \/>\t\t\t\t\t\t\t\t\t\t\t\t\t\t\t<\/div>\n\t\t\t\t<div class=\"elementor-element elementor-element-6d81d6a elementor-widget elementor-widget-image\" data-id=\"6d81d6a\" data-element_type=\"widget\" data-e-type=\"widget\" data-widget_type=\"image.default\">\n\t\t\t\t\t\t\t\t\t\t\t\t\t\t\t<img decoding=\"async\" width=\"1024\" height=\"683\" src=\"https:\/\/simonabranca.com\/wp-content\/uploads\/2025\/12\/legal-1.webp\" class=\"attachment-large size-large wp-image-998\" alt=\"\" srcset=\"\" \/>\t\t\t\t\t\t\t\t\t\t\t\t\t\t\t<\/div>\n\t\t\t\t<div class=\"elementor-element elementor-element-d1357b3 elementor-align-center elementor-widget elementor-widget-button\" data-id=\"d1357b3\" data-element_type=\"widget\" data-e-type=\"widget\" data-widget_type=\"button.default\">\n\t\t\t\t\t\t\t\t\t\t<a class=\"elementor-button elementor-button-link elementor-size-sm\" href=\"mailto:info@simonabranca.com\">\n\t\t\t\t\t\t<span class=\"elementor-button-content-wrapper\">\n\t\t\t\t\t\t<span class=\"elementor-button-icon\">\n\t\t\t\t<svg aria-hidden=\"true\" class=\"e-font-icon-svg e-far-envelope\" viewbox=\"0 0 512 512\" xmlns=\"http:\/\/www.w3.org\/2000\/svg\"><path d=\"M464 64H48C21.49 64 0 85.49 0 112v288c0 26.51 21.49 48 48 48h416c26.51 0 48-21.49 48-48V112c0-26.51-21.49-48-48-48zm0 48v40.805c-22.422 18.259-58.168 46.651-134.587 106.49-16.841 13.247-50.201 45.072-73.413 44.701-23.208.375-56.579-31.459-73.413-44.701C106.18 199.465 70.425 171.067 48 152.805V112h416zM48 400V214.398c22.914 18.251 55.409 43.862 104.938 82.646 21.857 17.205 60.134 55.186 103.062 54.955 42.717.231 80.509-37.199 103.053-54.947 49.528-38.783 82.032-64.401 104.947-82.653V400H48z\"><\/path><\/svg>\t\t\t<\/span>\n\t\t\t\t\t\t\t\t\t<span class=\"elementor-button-text\">Prendre rendez-vous<\/span>\n\t\t\t\t\t<\/span>\n\t\t\t\t\t<\/a>\n\t\t\t\t\t\t\t\t<\/div>\n\t\t\t\t<\/div>\n\t\t<div class=\"elementor-element elementor-element-8b87789 e-con-full e-flex e-con e-child\" data-id=\"8b87789\" data-element_type=\"container\" data-e-type=\"container\">\n\t\t\t\t<div class=\"elementor-element elementor-element-c4d9fd6 elementor-widget elementor-widget-text-editor\" data-id=\"c4d9fd6\" data-element_type=\"widget\" data-e-type=\"widget\" data-widget_type=\"text-editor.default\">\n\t\t\t\t\t\t\t\t\t<p data-start=\"863\" data-end=\"1061\">L'achat ou la vente d'un bien immobilier ne s'arr\u00eate pas \u00e0 la signature. Notre\u00a0<strong data-start=\"931\" data-end=\"956\">le service apr\u00e8s-vente<\/strong>\u00a0est con\u00e7u pour que nos clients puissent profiter de leur propri\u00e9t\u00e9 en toute tranquillit\u00e9 d\u00e8s le premier jour.<\/p><p data-start=\"1063\" data-end=\"1222\">Nous accompagnons les acheteurs nationaux et internationaux tout au long des proc\u00e9dures post-transaction, afin d'assurer une transition en douceur.<\/p>\t\t\t\t\t\t\t\t<\/div>\n\t\t\t\t<div class=\"elementor-element elementor-element-2fce5f2 elementor-widget elementor-widget-text-editor\" data-id=\"2fce5f2\" data-element_type=\"widget\" data-e-type=\"widget\" data-widget_type=\"text-editor.default\">\n\t\t\t\t\t\t\t\t\t<h5 data-start=\"1224\" data-end=\"1270\">Ce que comprend notre service apr\u00e8s-vente :<\/h5><ul data-start=\"1271\" data-end=\"1589\"><li data-start=\"1271\" data-end=\"1347\"><p data-start=\"1273\" data-end=\"1347\">Conseils sur les changements de propri\u00e9t\u00e9 (eau, \u00e9lectricit\u00e9, communaut\u00e9, imp\u00f4ts).<\/p><\/li><li data-start=\"1348\" data-end=\"1407\"><p data-start=\"1350\" data-end=\"1407\">Appui aux proc\u00e9dures administratives et \u00e0 la documentation juridique.<\/p><\/li><li data-start=\"1408\" data-end=\"1466\"><p data-start=\"1410\" data-end=\"1466\">Coordination avec les avocats, les notaires et les conseillers fiscaux.<\/p><\/li><li data-start=\"1467\" data-end=\"1516\"><p data-start=\"1469\" data-end=\"1516\">Accompagnement des propri\u00e9taires non-r\u00e9sidents.<\/p><\/li><li data-start=\"1517\" data-end=\"1589\"><p data-start=\"1519\" data-end=\"1589\">Une attention personnalis\u00e9e pour tous les besoins post\u00e9rieurs \u00e0 l'achat.<\/p><\/li><\/ul><p data-start=\"1591\" data-end=\"1775\">Notre objectif est de faire en sorte que nos clients se sentent soutenus \u00e0 tout moment, en particulier ceux qui ach\u00e8tent chez nous.\u00a0<strong data-start=\"1705\" data-end=\"1738\">Propri\u00e9t\u00e9s de luxe \u00e0 Tenerife<\/strong>\u00a0comme r\u00e9sidence secondaire ou comme investissement.<\/p>\t\t\t\t\t\t\t\t<\/div>\n\t\t\t\t<\/div>\n\t\t\t\t\t<\/div>\n\t\t\t\t<\/div>\n\t\t<div class=\"elementor-element elementor-element-4f374c2 e-flex e-con-boxed e-con e-parent\" data-id=\"4f374c2\" data-element_type=\"container\" data-e-type=\"container\">\n\t\t\t\t\t<div class=\"e-con-inner\">\n\t\t\t\t<div class=\"elementor-element elementor-element-d6a2f26 elementor-widget elementor-widget-heading\" data-id=\"d6a2f26\" data-element_type=\"widget\" data-e-type=\"widget\" data-widget_type=\"heading.default\">\n\t\t\t\t\t<h2 class=\"elementor-heading-title elementor-size-default\">R\u00e9novation et adaptation des biens immobiliers<\/h2>\t\t\t\t<\/div>\n\t\t\t\t\t<\/div>\n\t\t\t\t<\/div>\n\t\t<div class=\"elementor-element elementor-element-cdb63b7 e-flex e-con-boxed e-con e-parent\" data-id=\"cdb63b7\" data-element_type=\"container\" data-e-type=\"container\">\n\t\t\t\t\t<div class=\"e-con-inner\">\n\t\t<div class=\"elementor-element elementor-element-16c526f e-con-full e-flex e-con e-child\" data-id=\"16c526f\" data-element_type=\"container\" data-e-type=\"container\">\n\t\t\t\t<div class=\"elementor-element elementor-element-b1a282d elementor-widget elementor-widget-image\" data-id=\"b1a282d\" data-element_type=\"widget\" data-e-type=\"widget\" data-widget_type=\"image.default\">\n\t\t\t\t\t\t\t\t\t\t\t\t\t\t\t<img decoding=\"async\" width=\"1024\" height=\"683\" src=\"https:\/\/simonabranca.com\/wp-content\/uploads\/2026\/01\/reforma1.webp\" class=\"attachment-large size-large wp-image-1271\" alt=\"\" srcset=\"https:\/\/simonabranca.com\/wp-content\/uploads\/2026\/01\/reforma1.webp 1536w, https:\/\/simonabranca.com\/wp-content\/uploads\/2026\/01\/reforma1-18x12.webp 18w\" sizes=\"(max-width: 1024px) 100vw, 1024px\" \/>\t\t\t\t\t\t\t\t\t\t\t\t\t\t\t<\/div>\n\t\t\t\t<div class=\"elementor-element elementor-element-1c09990 elementor-widget elementor-widget-image\" data-id=\"1c09990\" data-element_type=\"widget\" data-e-type=\"widget\" data-widget_type=\"image.default\">\n\t\t\t\t\t\t\t\t\t\t\t\t\t\t\t<img loading=\"lazy\" decoding=\"async\" width=\"1024\" height=\"683\" src=\"https:\/\/simonabranca.com\/wp-content\/uploads\/2026\/01\/reforma2.webp\" class=\"attachment-large size-large wp-image-1272\" alt=\"\" srcset=\"https:\/\/simonabranca.com\/wp-content\/uploads\/2026\/01\/reforma2.webp 1536w, https:\/\/simonabranca.com\/wp-content\/uploads\/2026\/01\/reforma2-18x12.webp 18w\" sizes=\"(max-width: 1024px) 100vw, 1024px\" \/>\t\t\t\t\t\t\t\t\t\t\t\t\t\t\t<\/div>\n\t\t\t\t<div class=\"elementor-element elementor-element-074ed11 elementor-align-center elementor-widget elementor-widget-button\" data-id=\"074ed11\" data-element_type=\"widget\" data-e-type=\"widget\" data-widget_type=\"button.default\">\n\t\t\t\t\t\t\t\t\t\t<a class=\"elementor-button elementor-button-link elementor-size-sm\" href=\"mailto:info@simonabranca.com\">\n\t\t\t\t\t\t<span class=\"elementor-button-content-wrapper\">\n\t\t\t\t\t\t<span class=\"elementor-button-icon\">\n\t\t\t\t<svg aria-hidden=\"true\" class=\"e-font-icon-svg e-far-envelope\" viewbox=\"0 0 512 512\" xmlns=\"http:\/\/www.w3.org\/2000\/svg\"><path d=\"M464 64H48C21.49 64 0 85.49 0 112v288c0 26.51 21.49 48 48 48h416c26.51 0 48-21.49 48-48V112c0-26.51-21.49-48-48-48zm0 48v40.805c-22.422 18.259-58.168 46.651-134.587 106.49-16.841 13.247-50.201 45.072-73.413 44.701-23.208.375-56.579-31.459-73.413-44.701C106.18 199.465 70.425 171.067 48 152.805V112h416zM48 400V214.398c22.914 18.251 55.409 43.862 104.938 82.646 21.857 17.205 60.134 55.186 103.062 54.955 42.717.231 80.509-37.199 103.053-54.947 49.528-38.783 82.032-64.401 104.947-82.653V400H48z\"><\/path><\/svg>\t\t\t<\/span>\n\t\t\t\t\t\t\t\t\t<span class=\"elementor-button-text\">Prendre rendez-vous<\/span>\n\t\t\t\t\t<\/span>\n\t\t\t\t\t<\/a>\n\t\t\t\t\t\t\t\t<\/div>\n\t\t\t\t<\/div>\n\t\t<div class=\"elementor-element elementor-element-37fa5d2 e-con-full e-flex e-con e-child\" data-id=\"37fa5d2\" data-element_type=\"container\" data-e-type=\"container\">\n\t\t\t\t<div class=\"elementor-element elementor-element-a34d3a4 elementor-widget elementor-widget-text-editor\" data-id=\"a34d3a4\" data-element_type=\"widget\" data-e-type=\"widget\" data-widget_type=\"text-editor.default\">\n\t\t\t\t\t\t\t\t\t<p data-start=\"1823\" data-end=\"2091\">Une r\u00e9novation bien planifi\u00e9e peut augmenter de mani\u00e8re significative la valeur d'une propri\u00e9t\u00e9. Chez Simona Branca, nous offrons un service de\u00a0<strong data-start=\"1955\" data-end=\"1990\">r\u00e9formes int\u00e9grales et partielles<\/strong>, adapt\u00e9 aux propri\u00e9t\u00e9s haut de gamme et ax\u00e9 \u00e0 la fois sur l'usage personnel et l'investissement immobilier.<\/p><p data-start=\"2093\" data-end=\"2247\">Nous travaillons avec des professionnels qualifi\u00e9s et des fournisseurs de confiance pour garantir la qualit\u00e9 des finitions, le respect des d\u00e9lais de livraison et la ma\u00eetrise du budget.<\/p>\t\t\t\t\t\t\t\t<\/div>\n\t\t\t\t<div class=\"elementor-element elementor-element-395866a elementor-widget elementor-widget-text-editor\" data-id=\"395866a\" data-element_type=\"widget\" data-e-type=\"widget\" data-widget_type=\"text-editor.default\">\n\t\t\t\t\t\t\t\t\t<h5 data-start=\"2249\" data-end=\"2290\">Notre service de r\u00e9novation comprend<\/h5><ul data-start=\"2291\" data-end=\"2538\"><li data-start=\"2291\" data-end=\"2338\"><p data-start=\"2293\" data-end=\"2338\">R\u00e9formes int\u00e9grales de villas et d'appartements.<\/p><\/li><li data-start=\"2339\" data-end=\"2395\"><p data-start=\"2341\" data-end=\"2395\">Modernisation des cuisines, des salles de bains et des espaces ext\u00e9rieurs.<\/p><\/li><li data-start=\"2396\" data-end=\"2430\"><p data-start=\"2398\" data-end=\"2430\">Am\u00e9lioration de l'efficacit\u00e9 \u00e9nerg\u00e9tique.<\/p><\/li><li data-start=\"2431\" data-end=\"2484\"><p data-start=\"2433\" data-end=\"2484\">Conseils sur la conception et la r\u00e9partition des espaces.<\/p><\/li><li data-start=\"2485\" data-end=\"2538\"><p data-start=\"2487\" data-end=\"2538\">Gestion compl\u00e8te du projet, y compris la gestion \u00e0 distance.<\/p><\/li><\/ul><p data-start=\"2540\" data-end=\"2745\">Ce service est id\u00e9al pour les propri\u00e9taires qui souhaitent\u00a0<strong data-start=\"2592\" data-end=\"2632\">R\u00e9\u00e9valuer votre propri\u00e9t\u00e9 \u00e0 Tenerife<\/strong>\u00a0avant de vendre ou de louer, ainsi que pour les acheteurs qui souhaitent adapter leur nouveau logement \u00e0 leur mode de vie.<\/p>\t\t\t\t\t\t\t\t<\/div>\n\t\t\t\t<\/div>\n\t\t\t\t\t<\/div>\n\t\t\t\t<\/div>\n\t\t<div class=\"elementor-element elementor-element-ebd26ff e-flex e-con-boxed e-con e-parent\" data-id=\"ebd26ff\" data-element_type=\"container\" data-e-type=\"container\">\n\t\t\t\t\t<div class=\"e-con-inner\">\n\t\t\t\t<div class=\"elementor-element elementor-element-bd6f81c elementor-widget elementor-widget-heading\" data-id=\"bd6f81c\" data-element_type=\"widget\" data-e-type=\"widget\" data-widget_type=\"heading.default\">\n\t\t\t\t\t<h2 class=\"elementor-heading-title elementor-size-default\">Home Staging professionnel pour les propri\u00e9t\u00e9s de luxe<\/h2>\t\t\t\t<\/div>\n\t\t\t\t\t<\/div>\n\t\t\t\t<\/div>\n\t\t<div class=\"elementor-element elementor-element-a398f9f e-flex e-con-boxed e-con e-parent\" data-id=\"a398f9f\" data-element_type=\"container\" data-e-type=\"container\">\n\t\t\t\t\t<div class=\"e-con-inner\">\n\t\t<div class=\"elementor-element elementor-element-925a670 e-con-full e-flex e-con e-child\" data-id=\"925a670\" data-element_type=\"container\" data-e-type=\"container\">\n\t\t\t\t<div class=\"elementor-element elementor-element-8bf5077 elementor-widget elementor-widget-image\" data-id=\"8bf5077\" data-element_type=\"widget\" data-e-type=\"widget\" data-widget_type=\"image.default\">\n\t\t\t\t\t\t\t\t\t\t\t\t\t\t\t<img loading=\"lazy\" decoding=\"async\" width=\"1024\" height=\"683\" src=\"https:\/\/simonabranca.com\/wp-content\/uploads\/2026\/01\/homestaging1.webp\" class=\"attachment-large size-large wp-image-1274\" alt=\"\" srcset=\"https:\/\/simonabranca.com\/wp-content\/uploads\/2026\/01\/homestaging1.webp 1536w, https:\/\/simonabranca.com\/wp-content\/uploads\/2026\/01\/homestaging1-18x12.webp 18w\" sizes=\"(max-width: 1024px) 100vw, 1024px\" \/>\t\t\t\t\t\t\t\t\t\t\t\t\t\t\t<\/div>\n\t\t\t\t<div class=\"elementor-element elementor-element-62b8737 elementor-widget elementor-widget-image\" data-id=\"62b8737\" data-element_type=\"widget\" data-e-type=\"widget\" data-widget_type=\"image.default\">\n\t\t\t\t\t\t\t\t\t\t\t\t\t\t\t<img loading=\"lazy\" decoding=\"async\" width=\"1024\" height=\"683\" src=\"https:\/\/simonabranca.com\/wp-content\/uploads\/2026\/01\/homestaging2.webp\" class=\"attachment-large size-large wp-image-1275\" alt=\"\" srcset=\"https:\/\/simonabranca.com\/wp-content\/uploads\/2026\/01\/homestaging2.webp 1536w, https:\/\/simonabranca.com\/wp-content\/uploads\/2026\/01\/homestaging2-18x12.webp 18w\" sizes=\"(max-width: 1024px) 100vw, 1024px\" \/>\t\t\t\t\t\t\t\t\t\t\t\t\t\t\t<\/div>\n\t\t\t\t<div class=\"elementor-element elementor-element-66af0ea elementor-align-center elementor-widget elementor-widget-button\" data-id=\"66af0ea\" data-element_type=\"widget\" data-e-type=\"widget\" data-widget_type=\"button.default\">\n\t\t\t\t\t\t\t\t\t\t<a class=\"elementor-button elementor-button-link elementor-size-sm\" href=\"mailto:info@simonabranca.com\">\n\t\t\t\t\t\t<span class=\"elementor-button-content-wrapper\">\n\t\t\t\t\t\t<span class=\"elementor-button-icon\">\n\t\t\t\t<svg aria-hidden=\"true\" class=\"e-font-icon-svg e-far-envelope\" viewbox=\"0 0 512 512\" xmlns=\"http:\/\/www.w3.org\/2000\/svg\"><path d=\"M464 64H48C21.49 64 0 85.49 0 112v288c0 26.51 21.49 48 48 48h416c26.51 0 48-21.49 48-48V112c0-26.51-21.49-48-48-48zm0 48v40.805c-22.422 18.259-58.168 46.651-134.587 106.49-16.841 13.247-50.201 45.072-73.413 44.701-23.208.375-56.579-31.459-73.413-44.701C106.18 199.465 70.425 171.067 48 152.805V112h416zM48 400V214.398c22.914 18.251 55.409 43.862 104.938 82.646 21.857 17.205 60.134 55.186 103.062 54.955 42.717.231 80.509-37.199 103.053-54.947 49.528-38.783 82.032-64.401 104.947-82.653V400H48z\"><\/path><\/svg>\t\t\t<\/span>\n\t\t\t\t\t\t\t\t\t<span class=\"elementor-button-text\">Prendre rendez-vous<\/span>\n\t\t\t\t\t<\/span>\n\t\t\t\t\t<\/a>\n\t\t\t\t\t\t\t\t<\/div>\n\t\t\t\t<\/div>\n\t\t<div class=\"elementor-element elementor-element-209ee47 e-con-full e-flex e-con e-child\" data-id=\"209ee47\" data-element_type=\"container\" data-e-type=\"container\">\n\t\t\t\t<div class=\"elementor-element elementor-element-17f74d7 elementor-widget elementor-widget-text-editor\" data-id=\"17f74d7\" data-element_type=\"widget\" data-e-type=\"widget\" data-widget_type=\"text-editor.default\">\n\t\t\t\t\t\t\t\t\t<p data-start=\"2806\" data-end=\"3092\">Les\u00a0<strong data-start=\"2809\" data-end=\"2825\">Home Staging<\/strong>\u00a0est l'un des outils les plus efficaces pour vendre une propri\u00e9t\u00e9 plus rapidement et \u00e0 un meilleur prix. Chez Simona Branca, nous appliquons des techniques de home staging adapt\u00e9es au march\u00e9 du luxe \u00e0 T\u00e9n\u00e9rife, en soignant chaque d\u00e9tail pour g\u00e9n\u00e9rer de l'impact et de l'\u00e9motion d\u00e8s la premi\u00e8re visite.<\/p><p data-start=\"3094\" data-end=\"3165\">Notre approche combine l'esth\u00e9tique, la fonctionnalit\u00e9 et la strat\u00e9gie commerciale.<\/p>\t\t\t\t\t\t\t\t<\/div>\n\t\t\t\t<div class=\"elementor-element elementor-element-73dfed1 elementor-widget elementor-widget-text-editor\" data-id=\"73dfed1\" data-element_type=\"widget\" data-e-type=\"widget\" data-widget_type=\"text-editor.default\">\n\t\t\t\t\t\t\t\t\t<h5 data-start=\"2249\" data-end=\"2290\">Notre service de r\u00e9novation comprend<\/h5><ul data-start=\"2291\" data-end=\"2538\"><li data-start=\"2291\" data-end=\"2338\"><p data-start=\"2293\" data-end=\"2338\">R\u00e9formes int\u00e9grales de villas et d'appartements.<\/p><\/li><li data-start=\"2339\" data-end=\"2395\"><p data-start=\"2341\" data-end=\"2395\">Modernisation des cuisines, des salles de bains et des espaces ext\u00e9rieurs.<\/p><\/li><li data-start=\"2396\" data-end=\"2430\"><p data-start=\"2398\" data-end=\"2430\">Am\u00e9lioration de l'efficacit\u00e9 \u00e9nerg\u00e9tique.<\/p><\/li><li data-start=\"2431\" data-end=\"2484\"><p data-start=\"2433\" data-end=\"2484\">Conseils sur la conception et la r\u00e9partition des espaces.<\/p><\/li><li data-start=\"2485\" data-end=\"2538\"><p data-start=\"2487\" data-end=\"2538\">Gestion compl\u00e8te du projet, y compris la gestion \u00e0 distance.<\/p><\/li><\/ul><p data-start=\"2540\" data-end=\"2745\">Ce service est id\u00e9al pour les propri\u00e9taires qui souhaitent\u00a0<strong data-start=\"2592\" data-end=\"2632\">R\u00e9\u00e9valuer votre propri\u00e9t\u00e9 \u00e0 Tenerife<\/strong>\u00a0avant de vendre ou de louer, ainsi que pour les acheteurs qui souhaitent adapter leur nouveau logement \u00e0 leur mode de vie.<\/p>\t\t\t\t\t\t\t\t<\/div>\n\t\t\t\t<\/div>\n\t\t\t\t\t<\/div>\n\t\t\t\t<\/div>\n\t\t<div class=\"elementor-element elementor-element-edde732 e-flex e-con-boxed e-con e-parent\" data-id=\"edde732\" data-element_type=\"container\" data-e-type=\"container\">\n\t\t\t\t\t<div class=\"e-con-inner\">\n\t\t\t\t<div class=\"elementor-element elementor-element-b62d686 elementor-widget elementor-widget-heading\" data-id=\"b62d686\" data-element_type=\"widget\" data-e-type=\"widget\" data-widget_type=\"heading.default\">\n\t\t\t\t\t<h2 class=\"elementor-heading-title elementor-size-default\">Un service int\u00e9gr\u00e9, un partenaire unique<\/h2>\t\t\t\t<\/div>\n\t\t\t\t\t<\/div>\n\t\t\t\t<\/div>\n\t\t<div class=\"elementor-element elementor-element-9ebb70b e-flex e-con-boxed e-con e-parent\" data-id=\"9ebb70b\" data-element_type=\"container\" data-e-type=\"container\">\n\t\t\t\t\t<div class=\"e-con-inner\">\n\t\t<div class=\"elementor-element elementor-element-17373df e-con-full e-flex e-con e-child\" data-id=\"17373df\" data-element_type=\"container\" data-e-type=\"container\">\n\t\t\t\t<div class=\"elementor-element elementor-element-5c964fa elementor-widget elementor-widget-image\" data-id=\"5c964fa\" data-element_type=\"widget\" data-e-type=\"widget\" data-widget_type=\"image.default\">\n\t\t\t\t\t\t\t\t\t\t\t\t\t\t\t<img loading=\"lazy\" decoding=\"async\" width=\"1024\" height=\"683\" src=\"https:\/\/simonabranca.com\/wp-content\/uploads\/2025\/12\/do-more.webp\" class=\"attachment-large size-large wp-image-999\" alt=\"\" srcset=\"\" \/>\t\t\t\t\t\t\t\t\t\t\t\t\t\t\t<\/div>\n\t\t\t\t<div class=\"elementor-element elementor-element-9d9aa2b elementor-align-center elementor-widget elementor-widget-button\" data-id=\"9d9aa2b\" data-element_type=\"widget\" data-e-type=\"widget\" data-widget_type=\"button.default\">\n\t\t\t\t\t\t\t\t\t\t<a class=\"elementor-button elementor-button-link elementor-size-sm\" href=\"mailto:info@simonabranca.com\">\n\t\t\t\t\t\t<span class=\"elementor-button-content-wrapper\">\n\t\t\t\t\t\t<span class=\"elementor-button-icon\">\n\t\t\t\t<svg aria-hidden=\"true\" class=\"e-font-icon-svg e-far-envelope\" viewbox=\"0 0 512 512\" xmlns=\"http:\/\/www.w3.org\/2000\/svg\"><path d=\"M464 64H48C21.49 64 0 85.49 0 112v288c0 26.51 21.49 48 48 48h416c26.51 0 48-21.49 48-48V112c0-26.51-21.49-48-48-48zm0 48v40.805c-22.422 18.259-58.168 46.651-134.587 106.49-16.841 13.247-50.201 45.072-73.413 44.701-23.208.375-56.579-31.459-73.413-44.701C106.18 199.465 70.425 171.067 48 152.805V112h416zM48 400V214.398c22.914 18.251 55.409 43.862 104.938 82.646 21.857 17.205 60.134 55.186 103.062 54.955 42.717.231 80.509-37.199 103.053-54.947 49.528-38.783 82.032-64.401 104.947-82.653V400H48z\"><\/path><\/svg>\t\t\t<\/span>\n\t\t\t\t\t\t\t\t\t<span class=\"elementor-button-text\">Prendre rendez-vous<\/span>\n\t\t\t\t\t<\/span>\n\t\t\t\t\t<\/a>\n\t\t\t\t\t\t\t\t<\/div>\n\t\t\t\t<\/div>\n\t\t<div class=\"elementor-element elementor-element-881ca38 e-con-full e-flex e-con e-child\" data-id=\"881ca38\" data-element_type=\"container\" data-e-type=\"container\">\n\t\t\t\t<div class=\"elementor-element elementor-element-915db28 elementor-widget elementor-widget-text-editor\" data-id=\"915db28\" data-element_type=\"widget\" data-e-type=\"widget\" data-widget_type=\"text-editor.default\">\n\t\t\t\t\t\t\t\t\t<p data-start=\"3644\" data-end=\"3954\">Notre valeur diff\u00e9rentielle est d'offrir une\u00a0<strong data-start=\"3684\" data-end=\"3730\">service immobilier complet \u00e0 Tenerife<\/strong>, Nous centralisons tous les besoins du client au sein d'une seule \u00e9quipe de confiance. De l'achat \u00e0 la vente, en passant par l'apr\u00e8s-vente, la r\u00e9novation et la pr\u00e9paration du bien, nous nous occupons de chaque \u00e9tape du processus avec professionnalisme et discr\u00e9tion.<\/p><p data-start=\"3956\" data-end=\"4130\">Si vous \u00eates \u00e0 la recherche d'un\u00a0<strong data-start=\"3969\" data-end=\"4041\">courtier immobilier sp\u00e9cialis\u00e9 dans les propri\u00e9t\u00e9s de luxe \u00e0 Tenerife<\/strong>, avec une vision globale et un service totalement personnalis\u00e9, vous serez entre les meilleures mains.<\/p>\t\t\t\t\t\t\t\t<\/div>\n\t\t\t\t<\/div>\n\t\t\t\t\t<\/div>\n\t\t\t\t<\/div>\n\t\t\t\t<\/div>","protected":false},"excerpt":{"rendered":"<p>En Simona Branca ofrecemos un servicio integral que va mucho m\u00e1s all\u00e1 de la compraventa de propiedades. Acompa\u00f1amos a nuestros clientes antes, durante y despu\u00e9s de la operaci\u00f3n inmobiliaria, cuidando cada detalle para garantizar tranquilidad, rentabilidad y resultados excelentes. Nuestros servicios est\u00e1n especialmente dise\u00f1ados para propietarios e inversores que buscan\u00a0propiedades de lujo en Tenerife, con [&hellip;]<\/p>\n","protected":false},"author":1,"featured_media":0,"parent":0,"menu_order":0,"comment_status":"closed","ping_status":"closed","template":"elementor_header_footer","meta":{"footnotes":""},"class_list":["post-994","page","type-page","status-publish","hentry"],"_links":{"self":[{"href":"https:\/\/simonabranca.com\/fr\/wp-json\/wp\/v2\/pages\/994","targetHints":{"allow":["GET"]}}],"collection":[{"href":"https:\/\/simonabranca.com\/fr\/wp-json\/wp\/v2\/pages"}],"about":[{"href":"https:\/\/simonabranca.com\/fr\/wp-json\/wp\/v2\/types\/page"}],"author":[{"embeddable":true,"href":"https:\/\/simonabranca.com\/fr\/wp-json\/wp\/v2\/users\/1"}],"replies":[{"embeddable":true,"href":"https:\/\/simonabranca.com\/fr\/wp-json\/wp\/v2\/comments?post=994"}],"version-history":[{"count":10,"href":"https:\/\/simonabranca.com\/fr\/wp-json\/wp\/v2\/pages\/994\/revisions"}],"predecessor-version":[{"id":1278,"href":"https:\/\/simonabranca.com\/fr\/wp-json\/wp\/v2\/pages\/994\/revisions\/1278"}],"wp:attachment":[{"href":"https:\/\/simonabranca.com\/fr\/wp-json\/wp\/v2\/media?parent=994"}],"curies":[{"name":"wp","href":"https:\/\/api.w.org\/{rel}","templated":true}]}}